{"id":409,"date":"2024-01-11T16:51:33","date_gmt":"2024-01-11T15:51:33","guid":{"rendered":"https:\/\/cga-assurances.com\/?page_id=409"},"modified":"2024-01-11T17:53:41","modified_gmt":"2024-01-11T16:53:41","slug":"conditions-generales-dutilisation","status":"publish","type":"page","link":"https:\/\/cga-assurances.com\/index.php\/conditions-generales-dutilisation\/","title":{"rendered":"CONDITIONS G\u00c9N\u00c9RALES D&rsquo;UTILISATION"},"content":{"rendered":"\t\t<div data-elementor-type=\"wp-page\" data-elementor-id=\"409\" class=\"elementor elementor-409\">\n\t\t\t\t<div class=\"elementor-element elementor-element-648194c e-flex e-con-boxed e-con e-parent\" data-id=\"648194c\" data-element_type=\"container\">\n\t\t\t\t\t<div class=\"e-con-inner\">\n\t\t\t\t<div class=\"elementor-element elementor-element-8fabda4 elementor-widget elementor-widget-text-editor\" data-id=\"8fabda4\" data-element_type=\"widget\" data-widget_type=\"text-editor.default\">\n\t\t\t\t<div class=\"elementor-widget-container\">\n\t\t\t\t\t\t\t\t\t<h2>Introduction<\/h2><p>Les pr\u00e9sentes conditions g\u00e9n\u00e9rales d&rsquo;utilisation (CGU) r\u00e9gissent votre acc\u00e8s et votre utilisation du site web et des services de notre soci\u00e9t\u00e9 d&rsquo;assurance, de conseil et de gestion. En utilisant notre site web et nos services, vous acceptez d&rsquo;\u00eatre li\u00e9 par ces CGU. Si vous n&rsquo;acceptez pas ces CGU, veuillez ne pas utiliser notre site web et nos services.<\/p><h2>Utilisation du site web<\/h2><p>Vous ne devez utiliser notre site web que conform\u00e9ment aux lois et r\u00e9glementations applicables en France. Toute utilisation ill\u00e9gale ou abusive de notre site web est strictement interdite.<\/p><h2>Confidentialit\u00e9<\/h2><p>Nous respectons votre vie priv\u00e9e et nous nous engageons \u00e0 prot\u00e9ger vos informations personnelles conform\u00e9ment \u00e0 notre politique de confidentialit\u00e9. Veuillez consulter notre <span style=\"text-decoration: underline; color: #333333;\"><strong><a style=\"color: #333333; text-decoration: underline;\" href=\"https:\/\/cga-assurances.com\/index.php\/politique-de-confidentialite\/\">politique de confidentialit\u00e9<\/a><\/strong><\/span> pour en savoir plus sur la mani\u00e8re dont nous collectons, utilisons et prot\u00e9geons vos informations personnelles.<\/p><h2>Propri\u00e9t\u00e9 intellectuelle<\/h2><p>Notre site web et son contenu sont prot\u00e9g\u00e9s par les lois sur la propri\u00e9t\u00e9 intellectuelle en France. Vous ne pouvez pas reproduire, distribuer, modifier, afficher publiquement, transmettre ou exploiter de quelque mani\u00e8re que ce soit le contenu de notre site web sans notre autorisation \u00e9crite pr\u00e9alable.<\/p><h2>Responsabilit\u00e9<\/h2><p>Nous nous effor\u00e7ons de fournir des informations pr\u00e9cises et \u00e0 jour sur notre site web.<\/p><h2>Modifications des CGU<\/h2><p>Nous nous r\u00e9servons le droit de modifier ces CGU \u00e0 tout moment, sans pr\u00e9avis. Les modifications prendront effet d\u00e8s leur publication sur notre site web. Il est de votre responsabilit\u00e9 de consulter r\u00e9guli\u00e8rement ces CGU pour prendre connaissance des \u00e9ventuelles modifications.<\/p><h2>Contact<\/h2><p>Si vous avez des questions ou des pr\u00e9occupations concernant ces CGU, veuillez nous contacter \u00e0 l&rsquo;adresse suivante : <span style=\"text-decoration: underline;\"><span style=\"color: #333333; text-decoration: underline;\"><strong><a style=\"color: #333333; text-decoration: underline;\" href=\"mailto:diection@cga-assurances.com\">diection@cga-assurances.com<\/a><\/strong><\/span><\/span>.<\/p><p>Ces CGU ont \u00e9t\u00e9 mises \u00e0 jour le 05\/01\/2024.<\/p>\t\t\t\t\t\t\t\t<\/div>\n\t\t\t\t<\/div>\n\t\t\t\t\t<\/div>\n\t\t\t\t<\/div>\n\t\t\t\t<\/div>\n\t\t","protected":false},"excerpt":{"rendered":"<p>Introduction Les pr\u00e9sentes conditions g\u00e9n\u00e9rales d&rsquo;utilisation (CGU) r\u00e9gissent votre acc\u00e8s et votre utilisation du site web et des services de notre soci\u00e9t\u00e9 d&rsquo;assurance, de conseil et de gestion. En utilisant notre site web et nos services, vous acceptez d&rsquo;\u00eatre li\u00e9 par ces CGU. Si vous n&rsquo;acceptez pas ces CGU, veuillez ne pas utiliser notre site [&hellip;]<\/p>\n","protected":false},"author":1,"featured_media":0,"parent":0,"menu_order":0,"comment_status":"closed","ping_status":"closed","template":"","meta":{"footnotes":""},"class_list":["post-409","page","type-page","status-publish","hentry","entry"],"yoast_head":"<!-- This site is optimized with the Yoast SEO plugin v24.9 - https:\/\/yoast.com\/wordpress\/plugins\/seo\/ -->\n<title>CONDITIONS G\u00c9N\u00c9RALES D&#039;UTILISATION - CGA ASSURANCES<\/title>\n<meta name=\"robots\" content=\"index, follow, max-snippet:-1, max-image-preview:large, max-video-preview:-1\" \/>\n<link rel=\"canonical\" href=\"https:\/\/cga-assurances.com\/index.php\/conditions-generales-dutilisation\/\" \/>\n<meta property=\"og:locale\" content=\"fr_FR\" \/>\n<meta property=\"og:type\" content=\"article\" \/>\n<meta property=\"og:title\" content=\"CONDITIONS G\u00c9N\u00c9RALES D&#039;UTILISATION - CGA ASSURANCES\" \/>\n<meta property=\"og:description\" content=\"Introduction Les pr\u00e9sentes conditions g\u00e9n\u00e9rales d&rsquo;utilisation (CGU) r\u00e9gissent votre acc\u00e8s et votre utilisation du site web et des services de notre soci\u00e9t\u00e9 d&rsquo;assurance, de conseil et de gestion. En utilisant notre site web et nos services, vous acceptez d&rsquo;\u00eatre li\u00e9 par ces CGU. Si vous n&rsquo;acceptez pas ces CGU, veuillez ne pas utiliser notre site [&hellip;]\" \/>\n<meta property=\"og:url\" content=\"https:\/\/cga-assurances.com\/index.php\/conditions-generales-dutilisation\/\" \/>\n<meta property=\"og:site_name\" content=\"CGA ASSURANCES\" \/>\n<meta property=\"article:publisher\" content=\"https:\/\/www.facebook.com\/CGACONSEILGESTIONASSURANCE\" \/>\n<meta property=\"article:modified_time\" content=\"2024-01-11T16:53:41+00:00\" \/>\n<meta property=\"og:image\" content=\"https:\/\/cga-assurances.com\/wp-content\/uploads\/2024\/12\/Panneau-publicitaire-1024x683.png\" \/>\n\t<meta property=\"og:image:width\" content=\"1024\" \/>\n\t<meta property=\"og:image:height\" content=\"683\" \/>\n\t<meta property=\"og:image:type\" content=\"image\/png\" \/>\n<meta name=\"twitter:card\" content=\"summary_large_image\" \/>\n<meta name=\"twitter:label1\" content=\"Dur\u00e9e de lecture estim\u00e9e\" \/>\n\t<meta name=\"twitter:data1\" content=\"1 minute\" \/>\n<script type=\"application\/ld+json\" class=\"yoast-schema-graph\">{\"@context\":\"https:\/\/schema.org\",\"@graph\":[{\"@type\":\"WebPage\",\"@id\":\"https:\/\/cga-assurances.com\/index.php\/conditions-generales-dutilisation\/\",\"url\":\"https:\/\/cga-assurances.com\/index.php\/conditions-generales-dutilisation\/\",\"name\":\"CONDITIONS G\u00c9N\u00c9RALES D'UTILISATION - CGA ASSURANCES\",\"isPartOf\":{\"@id\":\"https:\/\/cga-assurances.com\/#website\"},\"datePublished\":\"2024-01-11T15:51:33+00:00\",\"dateModified\":\"2024-01-11T16:53:41+00:00\",\"breadcrumb\":{\"@id\":\"https:\/\/cga-assurances.com\/index.php\/conditions-generales-dutilisation\/#breadcrumb\"},\"inLanguage\":\"fr-FR\",\"potentialAction\":[{\"@type\":\"ReadAction\",\"target\":[\"https:\/\/cga-assurances.com\/index.php\/conditions-generales-dutilisation\/\"]}]},{\"@type\":\"BreadcrumbList\",\"@id\":\"https:\/\/cga-assurances.com\/index.php\/conditions-generales-dutilisation\/#breadcrumb\",\"itemListElement\":[{\"@type\":\"ListItem\",\"position\":1,\"name\":\"Accueil\",\"item\":\"https:\/\/cga-assurances.com\/\"},{\"@type\":\"ListItem\",\"position\":2,\"name\":\"CONDITIONS G\u00c9N\u00c9RALES D&rsquo;UTILISATION\"}]},{\"@type\":\"WebSite\",\"@id\":\"https:\/\/cga-assurances.com\/#website\",\"url\":\"https:\/\/cga-assurances.com\/\",\"name\":\"CGA ASSURANCES\",\"description\":\"L&#039;assurance d&#039;une relation de confiance\",\"publisher\":{\"@id\":\"https:\/\/cga-assurances.com\/#organization\"},\"potentialAction\":[{\"@type\":\"SearchAction\",\"target\":{\"@type\":\"EntryPoint\",\"urlTemplate\":\"https:\/\/cga-assurances.com\/?s={search_term_string}\"},\"query-input\":{\"@type\":\"PropertyValueSpecification\",\"valueRequired\":true,\"valueName\":\"search_term_string\"}}],\"inLanguage\":\"fr-FR\"},{\"@type\":\"Organization\",\"@id\":\"https:\/\/cga-assurances.com\/#organization\",\"name\":\"CGA ASSURANCES\",\"url\":\"https:\/\/cga-assurances.com\/\",\"logo\":{\"@type\":\"ImageObject\",\"inLanguage\":\"fr-FR\",\"@id\":\"https:\/\/cga-assurances.com\/#\/schema\/logo\/image\/\",\"url\":\"https:\/\/cga-assurances.com\/wp-content\/uploads\/2023\/12\/CGAA_LOGO-PRINCIPAL-BLEU-MARINE.svg\",\"contentUrl\":\"https:\/\/cga-assurances.com\/wp-content\/uploads\/2023\/12\/CGAA_LOGO-PRINCIPAL-BLEU-MARINE.svg\",\"width\":1080,\"height\":1350,\"caption\":\"CGA ASSURANCES\"},\"image\":{\"@id\":\"https:\/\/cga-assurances.com\/#\/schema\/logo\/image\/\"},\"sameAs\":[\"https:\/\/www.facebook.com\/CGACONSEILGESTIONASSURANCE\",\"https:\/\/www.instagram.com\/cga_assurances\/\",\"https:\/\/www.linkedin.com\/company\/cga-assurances\/\"]}]}<\/script>\n<!-- \/ Yoast SEO plugin. -->","yoast_head_json":{"title":"CONDITIONS G\u00c9N\u00c9RALES D'UTILISATION - CGA ASSURANCES","robots":{"index":"index","follow":"follow","max-snippet":"max-snippet:-1","max-image-preview":"max-image-preview:large","max-video-preview":"max-video-preview:-1"},"canonical":"https:\/\/cga-assurances.com\/index.php\/conditions-generales-dutilisation\/","og_locale":"fr_FR","og_type":"article","og_title":"CONDITIONS G\u00c9N\u00c9RALES D'UTILISATION - CGA ASSURANCES","og_description":"Introduction Les pr\u00e9sentes conditions g\u00e9n\u00e9rales d&rsquo;utilisation (CGU) r\u00e9gissent votre acc\u00e8s et votre utilisation du site web et des services de notre soci\u00e9t\u00e9 d&rsquo;assurance, de conseil et de gestion. En utilisant notre site web et nos services, vous acceptez d&rsquo;\u00eatre li\u00e9 par ces CGU. Si vous n&rsquo;acceptez pas ces CGU, veuillez ne pas utiliser notre site [&hellip;]","og_url":"https:\/\/cga-assurances.com\/index.php\/conditions-generales-dutilisation\/","og_site_name":"CGA ASSURANCES","article_publisher":"https:\/\/www.facebook.com\/CGACONSEILGESTIONASSURANCE","article_modified_time":"2024-01-11T16:53:41+00:00","og_image":[{"width":1024,"height":683,"url":"https:\/\/cga-assurances.com\/wp-content\/uploads\/2024\/12\/Panneau-publicitaire-1024x683.png","type":"image\/png"}],"twitter_card":"summary_large_image","twitter_misc":{"Dur\u00e9e de lecture estim\u00e9e":"1 minute"},"schema":{"@context":"https:\/\/schema.org","@graph":[{"@type":"WebPage","@id":"https:\/\/cga-assurances.com\/index.php\/conditions-generales-dutilisation\/","url":"https:\/\/cga-assurances.com\/index.php\/conditions-generales-dutilisation\/","name":"CONDITIONS G\u00c9N\u00c9RALES D'UTILISATION - CGA ASSURANCES","isPartOf":{"@id":"https:\/\/cga-assurances.com\/#website"},"datePublished":"2024-01-11T15:51:33+00:00","dateModified":"2024-01-11T16:53:41+00:00","breadcrumb":{"@id":"https:\/\/cga-assurances.com\/index.php\/conditions-generales-dutilisation\/#breadcrumb"},"inLanguage":"fr-FR","potentialAction":[{"@type":"ReadAction","target":["https:\/\/cga-assurances.com\/index.php\/conditions-generales-dutilisation\/"]}]},{"@type":"BreadcrumbList","@id":"https:\/\/cga-assurances.com\/index.php\/conditions-generales-dutilisation\/#breadcrumb","itemListElement":[{"@type":"ListItem","position":1,"name":"Accueil","item":"https:\/\/cga-assurances.com\/"},{"@type":"ListItem","position":2,"name":"CONDITIONS G\u00c9N\u00c9RALES D&rsquo;UTILISATION"}]},{"@type":"WebSite","@id":"https:\/\/cga-assurances.com\/#website","url":"https:\/\/cga-assurances.com\/","name":"CGA ASSURANCES","description":"L&#039;assurance d&#039;une relation de confiance","publisher":{"@id":"https:\/\/cga-assurances.com\/#organization"},"potentialAction":[{"@type":"SearchAction","target":{"@type":"EntryPoint","urlTemplate":"https:\/\/cga-assurances.com\/?s={search_term_string}"},"query-input":{"@type":"PropertyValueSpecification","valueRequired":true,"valueName":"search_term_string"}}],"inLanguage":"fr-FR"},{"@type":"Organization","@id":"https:\/\/cga-assurances.com\/#organization","name":"CGA ASSURANCES","url":"https:\/\/cga-assurances.com\/","logo":{"@type":"ImageObject","inLanguage":"fr-FR","@id":"https:\/\/cga-assurances.com\/#\/schema\/logo\/image\/","url":"https:\/\/cga-assurances.com\/wp-content\/uploads\/2023\/12\/CGAA_LOGO-PRINCIPAL-BLEU-MARINE.svg","contentUrl":"https:\/\/cga-assurances.com\/wp-content\/uploads\/2023\/12\/CGAA_LOGO-PRINCIPAL-BLEU-MARINE.svg","width":1080,"height":1350,"caption":"CGA ASSURANCES"},"image":{"@id":"https:\/\/cga-assurances.com\/#\/schema\/logo\/image\/"},"sameAs":["https:\/\/www.facebook.com\/CGACONSEILGESTIONASSURANCE","https:\/\/www.instagram.com\/cga_assurances\/","https:\/\/www.linkedin.com\/company\/cga-assurances\/"]}]}},"_links":{"self":[{"href":"https:\/\/cga-assurances.com\/index.php\/wp-json\/wp\/v2\/pages\/409","targetHints":{"allow":["GET"]}}],"collection":[{"href":"https:\/\/cga-assurances.com\/index.php\/wp-json\/wp\/v2\/pages"}],"about":[{"href":"https:\/\/cga-assurances.com\/index.php\/wp-json\/wp\/v2\/types\/page"}],"author":[{"embeddable":true,"href":"https:\/\/cga-assurances.com\/index.php\/wp-json\/wp\/v2\/users\/1"}],"replies":[{"embeddable":true,"href":"https:\/\/cga-assurances.com\/index.php\/wp-json\/wp\/v2\/comments?post=409"}],"version-history":[{"count":10,"href":"https:\/\/cga-assurances.com\/index.php\/wp-json\/wp\/v2\/pages\/409\/revisions"}],"predecessor-version":[{"id":443,"href":"https:\/\/cga-assurances.com\/index.php\/wp-json\/wp\/v2\/pages\/409\/revisions\/443"}],"wp:attachment":[{"href":"https:\/\/cga-assurances.com\/index.php\/wp-json\/wp\/v2\/media?parent=409"}],"curies":[{"name":"wp","href":"https:\/\/api.w.org\/{rel}","templated":true}]}}